{"id":1021,"date":"2024-09-09T14:22:17","date_gmt":"2024-09-09T17:22:17","guid":{"rendered":"https:\/\/lavvi.local\/about\/"},"modified":"2024-10-15T13:43:42","modified_gmt":"2024-10-15T16:43:42","slug":"a-propos-de-nous","status":"publish","type":"page","link":"https:\/\/lavvi.com\/fr\/a-propos-de-nous\/","title":{"rendered":"D\u00e9couvrez Lavvi"},"content":{"rendered":"\n<div class=\"wp-block-genesis-blocks-gb-container animation-fade-in gb-block-container\"><div class=\"gb-container-inside\"><div class=\"gb-container-content\">\n<div class=\"wp-block-genesis-blocks-gb-columns gb-layout-columns-2 gb-2-col-equal has-lavvi-white-background-color\"><div class=\"gb-layout-column-wrap gb-block-layout-column-gap-0 gb-is-responsive-column\">\n<div class=\"wp-block-genesis-blocks-gb-column mobile-only-no-pad-bottom gb-block-layout-column\"><div class=\"gb-block-layout-column-inner has-lavvi-white-background-color\">\n<h2 class=\"wp-block-heading is-style-underlined\">Commen\u00e7ons par le d\u00e9but&nbsp;: que signifie Lavvi?<\/h2>\n\n\n\n<div style=\"height:30px\" aria-hidden=\"true\" class=\"wp-block-spacer\"><\/div>\n\n\n\n<p>Nous investissons dans les moments pr\u00e9cieux de la vie.&nbsp;<\/p>\n\n\n\n<p>Lavvi, pour \u00ab&nbsp;la vie&nbsp;\u00bb est susceptible de faire l\u2019objet d\u2019une marque d\u00e9pos\u00e9e.<\/p>\n<\/div><\/div>\n\n\n\n<div class=\"wp-block-genesis-blocks-gb-column is-style-no-padding gb-block-layout-column\"><div class=\"gb-block-layout-column-inner has-lavvi-white-background-color\">\n<figure class=\"wp-block-image size-large\"><img loading=\"lazy\" decoding=\"async\" width=\"1024\" height=\"842\" src=\"https:\/\/lavvi.com\/wp-content\/uploads\/2024\/09\/asterix-1024x842.jpg\" alt=\"\" class=\"wp-image-232\" srcset=\"https:\/\/lavvi.com\/wp-content\/uploads\/2024\/09\/asterix-1024x842.jpg 1024w, https:\/\/lavvi.com\/wp-content\/uploads\/2024\/09\/asterix-300x247.jpg 300w, https:\/\/lavvi.com\/wp-content\/uploads\/2024\/09\/asterix-768x632.jpg 768w, https:\/\/lavvi.com\/wp-content\/uploads\/2024\/09\/asterix.jpg 1200w\" sizes=\"auto, (max-width: 1024px) 100vw, 1024px\" \/><\/figure>\n<\/div><\/div>\n<\/div><\/div>\n\n\n\n<div class=\"wp-block-genesis-blocks-gb-columns gb-layout-columns-2 gb-2-col-equal has-lavvi-tech-acid-green-background-color\"><div class=\"gb-layout-column-wrap gb-block-layout-column-gap-0 gb-is-responsive-column\">\n<div class=\"wp-block-genesis-blocks-gb-column animation-wipe-l-r gb-block-layout-column\"><div class=\"gb-block-layout-column-inner has-lavvi-elegant-black-background-color\">\n<h2 class=\"wp-block-heading is-style-underlined\">Nous nous concentrons sur ce que nous savons bien faire.<\/h2>\n<\/div><\/div>\n\n\n\n<div class=\"wp-block-genesis-blocks-gb-column italic-list gb-block-layout-column\"><div class=\"gb-block-layout-column-inner has-lavvi-tech-acid-green-background-color\">\n<ul class=\"wp-block-list plus-icon-list\">\n<li>\u00c9largir les canaux de distribution et augmenter le chiffre d\u2019affaires<\/li>\n\n\n\n<li>Fournir des solutions souples et rentables<\/li>\n\n\n\n<li>Attirer et conserver davantage de conseillers tout en am\u00e9liorant leurs performances<\/li>\n\n\n\n<li>Obtenir des donn\u00e9es de tous les acteurs de la cha\u00eene de distribution<\/li>\n\n\n\n<li>G\u00e9n\u00e9rer un engagement cibl\u00e9 des clients et des conseillers<\/li>\n\n\n\n<li>Fournir des solutions, et non des probl\u00e8mes, \u00e0 votre \u00e9quipe informatique interne<\/li>\n<\/ul>\n<\/div><\/div>\n<\/div><\/div>\n\n\n\n<div class=\"wp-block-group position-relative\"><div class=\"wp-block-group__inner-container is-layout-constrained wp-block-group-is-layout-constrained\">\n<figure class=\"wp-block-image size-full\"><img loading=\"lazy\" decoding=\"async\" width=\"1800\" height=\"1160\" src=\"https:\/\/lavvi.com\/wp-content\/uploads\/2024\/09\/elderly-woman-with-hearing-aid-updated.jpg\" alt=\"\" class=\"wp-image-537\" srcset=\"https:\/\/lavvi.com\/wp-content\/uploads\/2024\/09\/elderly-woman-with-hearing-aid-updated.jpg 1800w, https:\/\/lavvi.com\/wp-content\/uploads\/2024\/09\/elderly-woman-with-hearing-aid-updated-300x193.jpg 300w, https:\/\/lavvi.com\/wp-content\/uploads\/2024\/09\/elderly-woman-with-hearing-aid-updated-1024x660.jpg 1024w, https:\/\/lavvi.com\/wp-content\/uploads\/2024\/09\/elderly-woman-with-hearing-aid-updated-768x495.jpg 768w, https:\/\/lavvi.com\/wp-content\/uploads\/2024\/09\/elderly-woman-with-hearing-aid-updated-1536x990.jpg 1536w\" sizes=\"auto, (max-width: 1800px) 100vw, 1800px\" \/><\/figure>\n\n\n\n<div class=\"image-icon-group animation-spin\"><svg id=\"agroup\" xmlns=\"http:\/\/www.w3.org\/2000\/svg\" version=\"1.1\" viewBox=\"0 0 479.3 479.3\" overflow=\"visible\">\n  <g id=\"a1\" class=\"a-anim\">\n    <path class=\"icon-anim\" d=\"M169.8,372.5l-79.3-171c-.9-2.1-2.9-3.6-5.3-3.6s-4.2,1.3-5.2,3.2L.6,372.5c-1,2.1-.7,4.8,1.1,6.6,1.8,1.8,4.4,2.1,6.5,1.1l77-35.7h0s2.1-1,2.1-1h0c1.3-.7,2.2-2.2,2.2-3.8,0-2.4-1.9-4.3-4.3-4.3h-12.2c-2.4,0-4.3-1.9-4.3-4.3s.2-1.5.3-1.6l12.2-26.3h0c.6-1.6,2.2-2.8,4-2.8s3.4,1.2,4,2.8h0l25.5,55,47.4,22c2.1,1,4.7.6,6.5-1.1,1.8-1.8,2.1-4.4,1.1-6.6Z\"\/>\n  <\/g>\n  <g id=\"a2\" class=\"a-anim\">\n    <path class=\"icon-anim\" d=\"M106.7,169.8l171-79.3c2.1-.9,3.6-2.9,3.6-5.3s-1.3-4.2-3.2-5.2L106.7.6c-2.1-1-4.8-.7-6.6,1.1-1.8,1.8-2.1,4.4-1.1,6.5l35.7,77h0s0,0,0,0l1,2.1h0c.7,1.3,2.2,2.2,3.8,2.2,2.4,0,4.3-1.9,4.3-4.3h0v-12.2c0-2.4,1.9-4.3,4.3-4.3s1.5.2,1.6.3l26.3,12.2h0c1.6.6,2.8,2.2,2.8,4.1s-1.2,3.4-2.8,4h0s-55,25.6-55,25.6l-22,47.4c-1,2.1-.6,4.7,1.1,6.5,1.8,1.8,4.4,2.1,6.6,1.1Z\"\/>\n  <\/g>\n  <g id=\"a3\" class=\"a-anim\">\n    <path class=\"icon-anim\" d=\"M309.5,106.7l79.3,171c.9,2.1,2.9,3.6,5.3,3.6,2.3,0,4.2-1.3,5.2-3.2l79.5-171.4c1-2.1.7-4.8-1.1-6.6-1.8-1.8-4.4-2.1-6.5-1.1l-77,35.7h0s0,0,0,0l-2.1,1h0c-1.3.7-2.2,2.2-2.2,3.8,0,2.4,1.9,4.3,4.3,4.3h0s12.2,0,12.2,0c2.4,0,4.3,1.9,4.3,4.3,0,.4-.2,1.5-.3,1.6l-12.2,26.3h0c-.6,1.6-2.2,2.8-4,2.8s-3.4-1.2-4-2.8h0s-25.5-55-25.5-55l-47.4-22c-2.1-1-4.7-.6-6.5,1.1-1.8,1.8-2.1,4.4-1.1,6.6Z\"\/>\n  <\/g>\n  <g id=\"_\u00e4\" data-name=\"\u00e4\"class=\"a-anim\" >\n    <path class=\"icon-anim\" d=\"M372.5,309.5l-171,79.3c-2.1.9-3.6,2.9-3.6,5.3,0,2.3,1.3,4.2,3.2,5.2l171.4,79.5c2.1,1,4.8.7,6.6-1.1,1.8-1.8,2.1-4.4,1.1-6.5l-35.7-77h0s0,0,0,0l-1-2.1h0c-.7-1.3-2.2-2.2-3.8-2.2-2.4,0-4.3,1.9-4.3,4.3h0s0,12.2,0,12.2c0,2.4-1.9,4.3-4.3,4.3s-1.5-.2-1.6-.3l-26.3-12.2h0c-1.6-.6-2.8-2.2-2.8-4.1,0-1.9,1.2-3.4,2.8-4h0s55-25.6,55-25.6l22-47.4c1-2.1.6-4.7-1.1-6.5-1.8-1.8-4.4-2.1-6.6-1.1Z\"\/>\n  <\/g>\n<\/svg><\/div>\n<\/div><\/div>\n<\/div><\/div><\/div>\n\n\n\n<div class=\"wp-block-genesis-blocks-gb-container is-style-lavvi-container-transparent gb-block-container\"><div class=\"gb-container-inside\"><div class=\"gb-container-content\">\n<div class=\"wp-block-genesis-blocks-gb-columns gb-layout-columns-1 gb-1-col-equal\"><div class=\"gb-layout-column-wrap gb-block-layout-column-gap-2 gb-is-responsive-column\">\n<div class=\"wp-block-genesis-blocks-gb-column max-width-80 gb-block-layout-column\"><div class=\"gb-block-layout-column-inner\">\n<h2 class=\"wp-block-heading has-text-align-center is-style-underlined has-lavvi-white-color has-text-color has-link-color wp-elements-c4bf2e9a9b504d309df83d06897d538a\">Notre promesse<\/h2>\n\n\n\n<p class=\"has-text-align-center is-style-large-text\">Maximiser votre distribution.<br>Rendre votre soci\u00e9t\u00e9 plus facilement accessible.<br>Vous rapprocher des vies que vous prot\u00e9gez.<\/p>\n<\/div><\/div>\n<\/div><\/div>\n<\/div><\/div><\/div>\n\n\n\n<div class=\"wp-block-genesis-blocks-gb-container animation-fade-in gb-block-container\"><div class=\"gb-container-inside\"><div class=\"gb-container-content\">    <div id=\"equipe\" class=\"team-members-grid \">\n        <div class=\"flex flex-wrap\">\n            <div class=\" team-member-title-block title-3-block bg-black flex align-center justify-center animation-wipe-l-r\">\n                <h2 class=\"team-members-title underline-text\">\n                    Rencontrez une partie de notre \u00e9quipe.                <\/h2>\n            <\/div>\n\n            <div class=\"team-member animation-wipe-l-r\"><div class=\"team-member-image\"><img loading=\"lazy\" decoding=\"async\" width=\"600\" height=\"600\" src=\"https:\/\/lavvi.com\/wp-content\/uploads\/2024\/09\/Roddy.png\" class=\"attachment-large size-large\" alt=\"\" srcset=\"https:\/\/lavvi.com\/wp-content\/uploads\/2024\/09\/Roddy.png 600w, https:\/\/lavvi.com\/wp-content\/uploads\/2024\/09\/Roddy-300x300.png 300w, https:\/\/lavvi.com\/wp-content\/uploads\/2024\/09\/Roddy-150x150.png 150w\" sizes=\"auto, (max-width: 600px) 100vw, 600px\" \/><\/div><div class=\"team-member-info\"><a class=\"team-member-button\" href=\"https:\/\/lavvi.com\/fr\/equipe\/roddy-awad\/\"><span class=\"screen-reader-text\">View Profile<\/span><\/a><h3 class=\"team-member-name\">Roddy Awad<\/h3><p class=\"team-member-title\">Directeur g\u00e9n\u00e9ral\/co-fondateur<\/p><\/div><\/div><div class=\"team-member animation-wipe-l-r\"><div class=\"team-member-image\"><img loading=\"lazy\" decoding=\"async\" width=\"600\" height=\"600\" src=\"https:\/\/lavvi.com\/wp-content\/uploads\/2024\/09\/Sean.png\" class=\"attachment-large size-large\" alt=\"\" srcset=\"https:\/\/lavvi.com\/wp-content\/uploads\/2024\/09\/Sean.png 600w, https:\/\/lavvi.com\/wp-content\/uploads\/2024\/09\/Sean-300x300.png 300w, https:\/\/lavvi.com\/wp-content\/uploads\/2024\/09\/Sean-150x150.png 150w\" sizes=\"auto, (max-width: 600px) 100vw, 600px\" \/><\/div><div class=\"team-member-info\"><a class=\"team-member-button\" href=\"https:\/\/lavvi.com\/fr\/equipe\/sean-cook\/\"><span class=\"screen-reader-text\">View Profile<\/span><\/a><h3 class=\"team-member-name\">Sean Cook<\/h3><p class=\"team-member-title\">Directeur op\u00e9rationnel<\/p><\/div><\/div><div class=\"team-member animation-wipe-l-r\"><div class=\"team-member-image\"><img loading=\"lazy\" decoding=\"async\" width=\"600\" height=\"600\" src=\"https:\/\/lavvi.com\/wp-content\/uploads\/2024\/09\/Jeff.png\" class=\"attachment-large size-large\" alt=\"\" srcset=\"https:\/\/lavvi.com\/wp-content\/uploads\/2024\/09\/Jeff.png 600w, https:\/\/lavvi.com\/wp-content\/uploads\/2024\/09\/Jeff-300x300.png 300w, https:\/\/lavvi.com\/wp-content\/uploads\/2024\/09\/Jeff-150x150.png 150w\" sizes=\"auto, (max-width: 600px) 100vw, 600px\" \/><\/div><div class=\"team-member-info\"><a class=\"team-member-button\" href=\"https:\/\/lavvi.com\/fr\/equipe\/jeff-guitard\/\"><span class=\"screen-reader-text\">View Profile<\/span><\/a><h3 class=\"team-member-name\">Jeff Guitard<\/h3><p class=\"team-member-title\">Directeur technique<\/p><\/div><\/div><\/div> <!-- End grid --><\/div> <!-- End team-members-grid --><\/div><\/div><\/div>\n","protected":false},"excerpt":{"rendered":"","protected":false},"author":1,"featured_media":0,"parent":0,"menu_order":0,"comment_status":"closed","ping_status":"closed","template":"","meta":{"_acf_changed":false,"footnotes":""},"class_list":["post-1021","page","type-page","status-publish","hentry"],"acf":[],"yoast_head":"<!-- This site is optimized with the Yoast SEO plugin v23.6 - https:\/\/yoast.com\/wordpress\/plugins\/seo\/ -->\n<title>D\u00e9couvrez Lavvi - Lavvi<\/title>\n<meta name=\"robots\" content=\"index, follow, max-snippet:-1, max-image-preview:large, max-video-preview:-1\" \/>\n<link rel=\"canonical\" href=\"https:\/\/lavvi.com\/about\/\" \/>\n<meta property=\"og:locale\" content=\"fr_FR\" \/>\n<meta property=\"og:type\" content=\"article\" \/>\n<meta property=\"og:title\" content=\"D\u00e9couvrez Lavvi - Lavvi\" \/>\n<meta property=\"og:url\" content=\"https:\/\/lavvi.com\/about\/\" \/>\n<meta property=\"og:site_name\" content=\"Lavvi\" \/>\n<meta property=\"article:modified_time\" content=\"2024-10-15T16:43:42+00:00\" \/>\n<meta property=\"og:image\" content=\"https:\/\/lavvi.com\/wp-content\/uploads\/2024\/09\/asterix-1024x842.jpg\" \/>\n<meta name=\"twitter:card\" content=\"summary_large_image\" \/>\n<meta name=\"twitter:label1\" content=\"Dur\u00e9e de lecture estim\u00e9e\" \/>\n\t<meta name=\"twitter:data1\" content=\"1 minute\" \/>\n<script type=\"application\/ld+json\" class=\"yoast-schema-graph\">{\"@context\":\"https:\/\/schema.org\",\"@graph\":[{\"@type\":\"WebPage\",\"@id\":\"https:\/\/lavvi.com\/about\/\",\"url\":\"https:\/\/lavvi.com\/about\/\",\"name\":\"D\u00e9couvrez Lavvi - Lavvi\",\"isPartOf\":{\"@id\":\"https:\/\/lavvi.com\/#website\"},\"primaryImageOfPage\":{\"@id\":\"https:\/\/lavvi.com\/about\/#primaryimage\"},\"image\":{\"@id\":\"https:\/\/lavvi.com\/about\/#primaryimage\"},\"thumbnailUrl\":\"https:\/\/lavvi.com\/wp-content\/uploads\/2024\/09\/asterix-1024x842.jpg\",\"datePublished\":\"2024-09-09T17:22:17+00:00\",\"dateModified\":\"2024-10-15T16:43:42+00:00\",\"breadcrumb\":{\"@id\":\"https:\/\/lavvi.com\/about\/#breadcrumb\"},\"inLanguage\":\"fr-FR\",\"potentialAction\":[{\"@type\":\"ReadAction\",\"target\":[\"https:\/\/lavvi.com\/about\/\"]}]},{\"@type\":\"ImageObject\",\"inLanguage\":\"fr-FR\",\"@id\":\"https:\/\/lavvi.com\/about\/#primaryimage\",\"url\":\"https:\/\/lavvi.com\/wp-content\/uploads\/2024\/09\/asterix-1024x842.jpg\",\"contentUrl\":\"https:\/\/lavvi.com\/wp-content\/uploads\/2024\/09\/asterix-1024x842.jpg\"},{\"@type\":\"BreadcrumbList\",\"@id\":\"https:\/\/lavvi.com\/about\/#breadcrumb\",\"itemListElement\":[{\"@type\":\"ListItem\",\"position\":1,\"name\":\"Home\",\"item\":\"https:\/\/lavvi.com\/fr\/\"},{\"@type\":\"ListItem\",\"position\":2,\"name\":\"D\u00e9couvrez Lavvi\"}]},{\"@type\":\"WebSite\",\"@id\":\"https:\/\/lavvi.com\/#website\",\"url\":\"https:\/\/lavvi.com\/\",\"name\":\"Lavvi\",\"description\":\"\",\"publisher\":{\"@id\":\"https:\/\/lavvi.com\/#organization\"},\"potentialAction\":[{\"@type\":\"SearchAction\",\"target\":{\"@type\":\"EntryPoint\",\"urlTemplate\":\"https:\/\/lavvi.com\/?s={search_term_string}\"},\"query-input\":{\"@type\":\"PropertyValueSpecification\",\"valueRequired\":true,\"valueName\":\"search_term_string\"}}],\"inLanguage\":\"fr-FR\"},{\"@type\":\"Organization\",\"@id\":\"https:\/\/lavvi.com\/#organization\",\"name\":\"Lavvi\",\"url\":\"https:\/\/lavvi.com\/\",\"logo\":{\"@type\":\"ImageObject\",\"inLanguage\":\"fr-FR\",\"@id\":\"https:\/\/lavvi.com\/#\/schema\/logo\/image\/\",\"url\":\"https:\/\/lavvi.com\/wp-content\/uploads\/2024\/10\/LAVVI-Lockup-Colour-Black-RGB.png\",\"contentUrl\":\"https:\/\/lavvi.com\/wp-content\/uploads\/2024\/10\/LAVVI-Lockup-Colour-Black-RGB.png\",\"width\":5001,\"height\":1105,\"caption\":\"Lavvi\"},\"image\":{\"@id\":\"https:\/\/lavvi.com\/#\/schema\/logo\/image\/\"},\"sameAs\":[\"https:\/\/www.linkedin.com\/company\/lavvi-solutions\/posts\/?feedView=all\"]}]}<\/script>\n<!-- \/ Yoast SEO plugin. -->","yoast_head_json":{"title":"D\u00e9couvrez Lavvi - Lavvi","robots":{"index":"index","follow":"follow","max-snippet":"max-snippet:-1","max-image-preview":"max-image-preview:large","max-video-preview":"max-video-preview:-1"},"canonical":"https:\/\/lavvi.com\/about\/","og_locale":"fr_FR","og_type":"article","og_title":"D\u00e9couvrez Lavvi - Lavvi","og_url":"https:\/\/lavvi.com\/about\/","og_site_name":"Lavvi","article_modified_time":"2024-10-15T16:43:42+00:00","og_image":[{"url":"https:\/\/lavvi.com\/wp-content\/uploads\/2024\/09\/asterix-1024x842.jpg"}],"twitter_card":"summary_large_image","twitter_misc":{"Dur\u00e9e de lecture estim\u00e9e":"1 minute"},"schema":{"@context":"https:\/\/schema.org","@graph":[{"@type":"WebPage","@id":"https:\/\/lavvi.com\/about\/","url":"https:\/\/lavvi.com\/about\/","name":"D\u00e9couvrez Lavvi - Lavvi","isPartOf":{"@id":"https:\/\/lavvi.com\/#website"},"primaryImageOfPage":{"@id":"https:\/\/lavvi.com\/about\/#primaryimage"},"image":{"@id":"https:\/\/lavvi.com\/about\/#primaryimage"},"thumbnailUrl":"https:\/\/lavvi.com\/wp-content\/uploads\/2024\/09\/asterix-1024x842.jpg","datePublished":"2024-09-09T17:22:17+00:00","dateModified":"2024-10-15T16:43:42+00:00","breadcrumb":{"@id":"https:\/\/lavvi.com\/about\/#breadcrumb"},"inLanguage":"fr-FR","potentialAction":[{"@type":"ReadAction","target":["https:\/\/lavvi.com\/about\/"]}]},{"@type":"ImageObject","inLanguage":"fr-FR","@id":"https:\/\/lavvi.com\/about\/#primaryimage","url":"https:\/\/lavvi.com\/wp-content\/uploads\/2024\/09\/asterix-1024x842.jpg","contentUrl":"https:\/\/lavvi.com\/wp-content\/uploads\/2024\/09\/asterix-1024x842.jpg"},{"@type":"BreadcrumbList","@id":"https:\/\/lavvi.com\/about\/#breadcrumb","itemListElement":[{"@type":"ListItem","position":1,"name":"Home","item":"https:\/\/lavvi.com\/fr\/"},{"@type":"ListItem","position":2,"name":"D\u00e9couvrez Lavvi"}]},{"@type":"WebSite","@id":"https:\/\/lavvi.com\/#website","url":"https:\/\/lavvi.com\/","name":"Lavvi","description":"","publisher":{"@id":"https:\/\/lavvi.com\/#organization"},"potentialAction":[{"@type":"SearchAction","target":{"@type":"EntryPoint","urlTemplate":"https:\/\/lavvi.com\/?s={search_term_string}"},"query-input":{"@type":"PropertyValueSpecification","valueRequired":true,"valueName":"search_term_string"}}],"inLanguage":"fr-FR"},{"@type":"Organization","@id":"https:\/\/lavvi.com\/#organization","name":"Lavvi","url":"https:\/\/lavvi.com\/","logo":{"@type":"ImageObject","inLanguage":"fr-FR","@id":"https:\/\/lavvi.com\/#\/schema\/logo\/image\/","url":"https:\/\/lavvi.com\/wp-content\/uploads\/2024\/10\/LAVVI-Lockup-Colour-Black-RGB.png","contentUrl":"https:\/\/lavvi.com\/wp-content\/uploads\/2024\/10\/LAVVI-Lockup-Colour-Black-RGB.png","width":5001,"height":1105,"caption":"Lavvi"},"image":{"@id":"https:\/\/lavvi.com\/#\/schema\/logo\/image\/"},"sameAs":["https:\/\/www.linkedin.com\/company\/lavvi-solutions\/posts\/?feedView=all"]}]}},"featured_image_src":null,"featured_image_src_square":null,"_links":{"self":[{"href":"https:\/\/lavvi.com\/fr\/wp-json\/wp\/v2\/pages\/1021","targetHints":{"allow":["GET"]}}],"collection":[{"href":"https:\/\/lavvi.com\/fr\/wp-json\/wp\/v2\/pages"}],"about":[{"href":"https:\/\/lavvi.com\/fr\/wp-json\/wp\/v2\/types\/page"}],"author":[{"embeddable":true,"href":"https:\/\/lavvi.com\/fr\/wp-json\/wp\/v2\/users\/1"}],"replies":[{"embeddable":true,"href":"https:\/\/lavvi.com\/fr\/wp-json\/wp\/v2\/comments?post=1021"}],"version-history":[{"count":0,"href":"https:\/\/lavvi.com\/fr\/wp-json\/wp\/v2\/pages\/1021\/revisions"}],"wp:attachment":[{"href":"https:\/\/lavvi.com\/fr\/wp-json\/wp\/v2\/media?parent=1021"}],"curies":[{"name":"wp","href":"https:\/\/api.w.org\/{rel}","templated":true}]}}