{"id":1031,"date":"2024-08-19T14:21:07","date_gmt":"2024-08-19T17:21:07","guid":{"rendered":"https:\/\/lavvi.local\/privacy-policy\/"},"modified":"2024-10-09T23:51:28","modified_gmt":"2024-10-10T02:51:28","slug":"politique-de-confidentialite","status":"publish","type":"page","link":"https:\/\/lavvi.com\/fr\/politique-de-confidentialite\/","title":{"rendered":"Politique de confidentialit\u00e9"},"content":{"rendered":"\n<div class=\"wp-block-genesis-blocks-gb-container animation-fade-in gb-block-container\"><div class=\"gb-container-inside\"><div class=\"gb-container-content\">\n<div class=\"wp-block-genesis-blocks-gb-columns gb-layout-columns-2 gb-2-col-wideleft has-lavvi-white-background-color\"><div class=\"gb-layout-column-wrap gb-block-layout-column-gap-2 gb-is-responsive-column\">\n<div class=\"wp-block-genesis-blocks-gb-column gb-block-layout-column\"><div class=\"gb-block-layout-column-inner\">\n<p class=\"is-style-large-text\">Chez Lavvi, nous accordons une grande importance \u00e0&nbsp;la confidentialit\u00e9 et la s\u00e9curit\u00e9 des renseignements personnels, financiers et autres que nous d\u00e9tenons. Pour nous, la protection des renseignements personnels est une priorit\u00e9 car elle est fondamentale pour entretenir la confiance sur laquelle reposent nos relations avec&nbsp;vous.<\/p>\n\n\n\n<h3 class=\"wp-block-heading\">Politique en mati\u00e8re de protection de vos renseignements personnels&nbsp;<\/h3>\n\n\n\n<p>Nous avons donc \u00e9tabli une&nbsp;politique en mati\u00e8re de protection de vos renseignements personnels&nbsp;qui atteste de notre d\u00e9termination \u00e0&nbsp;prot\u00e9ger vos renseignements personnels.&nbsp;<\/p>\n\n\n\n<h3 class=\"wp-block-heading\">Pratiques<\/h3>\n\n\n\n<p>\u00c0 la politique s\u2019ajoutent&nbsp;nos pratiques, qui pr\u00e9cisent nos m\u00e9thodes de traitement des renseignements personnels en ce qui concerne la collecte, l\u2019utilisation, la communication et la conservation.&nbsp;<\/p>\n\n\n\n<p>Nous vous invitons \u00e0&nbsp;lire notre politique et nos pratiques en mati\u00e8re de confidentialit\u00e9 et de protection des renseignements personnels. Lavvi a&nbsp;d\u00e9sign\u00e9 une ou plusieurs personnes qui sont responsables du respect de notre politique de confidentialit\u00e9. Si vous avez besoin de plus d\u2019informations sur la politique de confidentialit\u00e9 de Lavvi, veuillez faire parvenir un courriel \u00e0&nbsp;<a href=\"mailto:privacy@lavvi.ca\">privacy@\u200blavvi.\u200bca<\/a>&nbsp;<\/p>\n\n\n\n<h3 class=\"wp-block-heading\">T\u00e9moins de connexion&nbsp;<\/h3>\n\n\n\n<p>Lorsque vous acc\u00e9dez \u00e0&nbsp;notre site Web, nous recueillons des donn\u00e9es qui nous indiquent quelles pages vous avez consult\u00e9es, la date et la dur\u00e9e de votre visite, le lieu \u00e0&nbsp;partir duquel vous avez acc\u00e9d\u00e9 \u00e0&nbsp;notre site, et d\u2019autres renseignements semblables. Toutes ces donn\u00e9es, y&nbsp;compris votre adresse&nbsp;IP, sont recueillies et utilis\u00e9es afin d\u2019am\u00e9liorer les performances et la fonctionnalit\u00e9 de notre site Web. Ce sont les t\u00e9moins (\u00ab cookies \u00bb) qui nous permettent d\u2019avoir acc\u00e8s \u00e0&nbsp;ces statistiques.&nbsp;<\/p>\n\n\n\n<p>Un t\u00e9moin est une information qu\u2019un site Web envoie \u00e0\u00a0votre ordinateur, dans lequel elle est stock\u00e9e. Lors de votre seconde visite de notre site Web, nous pouvons utiliser l\u2019information des t\u00e9moins afin de rendre votre navigation plus conviviale. Un t\u00e9moin n\u00e9 r\u00e9v\u00e9lera pas votre identit\u00e9, \u00e0\u00a0moins que vous ayez choisi de nous la fournir. Les t\u00e9moins ne peuvent avoir acc\u00e8s \u00e0\u00a0d\u2019autres informations ou \u00e0\u00a0d\u2019autres fichiers de votre ordinateur.\u00a0<\/p>\n\n\n\n<p>Nous utilisons des t\u00e9moins permanents, c\u2019est-\u00e0-dire des fichiers qui demeurent dans la m\u00e9moire de votre appareil informatique lorsque vous fermez votre navigateur Web. Un t\u00e9moin permanent peut \u00eatre uniquement lu par le site Web qui a&nbsp;cr\u00e9\u00e9 ce t\u00e9moin lorsque vous revisitez ce m\u00eame&nbsp;site.&nbsp;<\/p>\n\n\n\n<p>Les t\u00e9moins permanents ont une dur\u00e9e pr\u00e9d\u00e9termin\u00e9e et sont automatiquement supprim\u00e9s de votre appareil lorsqu\u2019ils arrivent \u00e0\u00a0\u00e9ch\u00e9ance. Vous pouvez \u00e9galement supprimer les t\u00e9moins stock\u00e9s en modifiant les pr\u00e9f\u00e9rences de votre navigateur Web. Toutefois, \u00e0\u00a0moins que votre syst\u00e8me ne dispose d\u2019une fonction permettant de bloquer les t\u00e9moins, un nouveau t\u00e9moin sera cr\u00e9\u00e9 la prochaine fois que vous visiterez notre site Web. Vous pouvez configurer votre navigateur Web afin d\u2019\u00eatre avis\u00e9 lorsque votre ordinateur re\u00e7oit des t\u00e9moins, ce qui vous permet de les accepter ou de les refuser. Vous devez activer cette fonction dans les options Internet de votre appareil informatique. Veuillez noter toutefois que le fait de bloquer les t\u00e9moins peut entra\u00eener un mauvais fonctionnement de certaines pages ou une perte d\u2019efficacit\u00e9 du site\u00a0Web.\u00a0<\/p>\n\n\n\n<p>Il se pourrait que nous transmettions \u00e0&nbsp;Google Analytics ou \u00e0&nbsp;d\u2019autres agents d\u2019analyse les donn\u00e9es de consultation de notre site Web obtenues gr\u00e2ce aux t\u00e9moins et \u00e0&nbsp;d\u2019autres technologies du genre afin que soit analys\u00e9e, en notre nom, l\u2019activit\u00e9 de nos sites Web dans le but d\u2019assurer une am\u00e9lioration constante de leur contenu et des outils en ligne que nous avons \u00e9labor\u00e9s pour nos clients et le grand public.<\/p>\n<\/div><\/div>\n\n\n\n<div class=\"wp-block-genesis-blocks-gb-column is-style-no-padding gb-block-layout-column\"><div class=\"gb-block-layout-column-inner\">\n<p><\/p>\n<\/div><\/div>\n<\/div><\/div>\n<\/div><\/div><\/div>\n","protected":false},"excerpt":{"rendered":"","protected":false},"author":1,"featured_media":0,"parent":0,"menu_order":0,"comment_status":"closed","ping_status":"open","template":"","meta":{"_acf_changed":false,"footnotes":""},"class_list":["post-1031","page","type-page","status-publish","hentry"],"acf":[],"yoast_head":"<!-- This site is optimized with the Yoast SEO plugin v23.6 - https:\/\/yoast.com\/wordpress\/plugins\/seo\/ -->\n<title>Politique de confidentialit\u00e9 - Lavvi<\/title>\n<meta name=\"robots\" content=\"index, follow, max-snippet:-1, max-image-preview:large, max-video-preview:-1\" \/>\n<link rel=\"canonical\" href=\"https:\/\/lavvi.com\/privacy-policy\/\" \/>\n<meta property=\"og:locale\" content=\"fr_FR\" \/>\n<meta property=\"og:type\" content=\"article\" \/>\n<meta property=\"og:title\" content=\"Politique de confidentialit\u00e9 - Lavvi\" \/>\n<meta property=\"og:url\" content=\"https:\/\/lavvi.com\/privacy-policy\/\" \/>\n<meta property=\"og:site_name\" content=\"Lavvi\" \/>\n<meta property=\"article:modified_time\" content=\"2024-10-10T02:51:28+00:00\" \/>\n<meta name=\"twitter:card\" content=\"summary_large_image\" \/>\n<meta name=\"twitter:label1\" content=\"Dur\u00e9e de lecture estim\u00e9e\" \/>\n\t<meta name=\"twitter:data1\" content=\"3 minutes\" \/>\n<script type=\"application\/ld+json\" class=\"yoast-schema-graph\">{\"@context\":\"https:\/\/schema.org\",\"@graph\":[{\"@type\":\"WebPage\",\"@id\":\"https:\/\/lavvi.com\/privacy-policy\/\",\"url\":\"https:\/\/lavvi.com\/privacy-policy\/\",\"name\":\"Politique de confidentialit\u00e9 - Lavvi\",\"isPartOf\":{\"@id\":\"https:\/\/lavvi.com\/#website\"},\"datePublished\":\"2024-08-19T17:21:07+00:00\",\"dateModified\":\"2024-10-10T02:51:28+00:00\",\"breadcrumb\":{\"@id\":\"https:\/\/lavvi.com\/privacy-policy\/#breadcrumb\"},\"inLanguage\":\"fr-FR\",\"potentialAction\":[{\"@type\":\"ReadAction\",\"target\":[\"https:\/\/lavvi.com\/privacy-policy\/\"]}]},{\"@type\":\"BreadcrumbList\",\"@id\":\"https:\/\/lavvi.com\/privacy-policy\/#breadcrumb\",\"itemListElement\":[{\"@type\":\"ListItem\",\"position\":1,\"name\":\"Home\",\"item\":\"https:\/\/lavvi.com\/fr\/\"},{\"@type\":\"ListItem\",\"position\":2,\"name\":\"Politique de confidentialit\u00e9\"}]},{\"@type\":\"WebSite\",\"@id\":\"https:\/\/lavvi.com\/#website\",\"url\":\"https:\/\/lavvi.com\/\",\"name\":\"Lavvi\",\"description\":\"\",\"publisher\":{\"@id\":\"https:\/\/lavvi.com\/#organization\"},\"potentialAction\":[{\"@type\":\"SearchAction\",\"target\":{\"@type\":\"EntryPoint\",\"urlTemplate\":\"https:\/\/lavvi.com\/?s={search_term_string}\"},\"query-input\":{\"@type\":\"PropertyValueSpecification\",\"valueRequired\":true,\"valueName\":\"search_term_string\"}}],\"inLanguage\":\"fr-FR\"},{\"@type\":\"Organization\",\"@id\":\"https:\/\/lavvi.com\/#organization\",\"name\":\"Lavvi\",\"url\":\"https:\/\/lavvi.com\/\",\"logo\":{\"@type\":\"ImageObject\",\"inLanguage\":\"fr-FR\",\"@id\":\"https:\/\/lavvi.com\/#\/schema\/logo\/image\/\",\"url\":\"https:\/\/lavvi.com\/wp-content\/uploads\/2024\/10\/LAVVI-Lockup-Colour-Black-RGB.png\",\"contentUrl\":\"https:\/\/lavvi.com\/wp-content\/uploads\/2024\/10\/LAVVI-Lockup-Colour-Black-RGB.png\",\"width\":5001,\"height\":1105,\"caption\":\"Lavvi\"},\"image\":{\"@id\":\"https:\/\/lavvi.com\/#\/schema\/logo\/image\/\"},\"sameAs\":[\"https:\/\/www.linkedin.com\/company\/lavvi-solutions\/posts\/?feedView=all\"]}]}<\/script>\n<!-- \/ Yoast SEO plugin. -->","yoast_head_json":{"title":"Politique de confidentialit\u00e9 - Lavvi","robots":{"index":"index","follow":"follow","max-snippet":"max-snippet:-1","max-image-preview":"max-image-preview:large","max-video-preview":"max-video-preview:-1"},"canonical":"https:\/\/lavvi.com\/privacy-policy\/","og_locale":"fr_FR","og_type":"article","og_title":"Politique de confidentialit\u00e9 - Lavvi","og_url":"https:\/\/lavvi.com\/privacy-policy\/","og_site_name":"Lavvi","article_modified_time":"2024-10-10T02:51:28+00:00","twitter_card":"summary_large_image","twitter_misc":{"Dur\u00e9e de lecture estim\u00e9e":"3 minutes"},"schema":{"@context":"https:\/\/schema.org","@graph":[{"@type":"WebPage","@id":"https:\/\/lavvi.com\/privacy-policy\/","url":"https:\/\/lavvi.com\/privacy-policy\/","name":"Politique de confidentialit\u00e9 - Lavvi","isPartOf":{"@id":"https:\/\/lavvi.com\/#website"},"datePublished":"2024-08-19T17:21:07+00:00","dateModified":"2024-10-10T02:51:28+00:00","breadcrumb":{"@id":"https:\/\/lavvi.com\/privacy-policy\/#breadcrumb"},"inLanguage":"fr-FR","potentialAction":[{"@type":"ReadAction","target":["https:\/\/lavvi.com\/privacy-policy\/"]}]},{"@type":"BreadcrumbList","@id":"https:\/\/lavvi.com\/privacy-policy\/#breadcrumb","itemListElement":[{"@type":"ListItem","position":1,"name":"Home","item":"https:\/\/lavvi.com\/fr\/"},{"@type":"ListItem","position":2,"name":"Politique de confidentialit\u00e9"}]},{"@type":"WebSite","@id":"https:\/\/lavvi.com\/#website","url":"https:\/\/lavvi.com\/","name":"Lavvi","description":"","publisher":{"@id":"https:\/\/lavvi.com\/#organization"},"potentialAction":[{"@type":"SearchAction","target":{"@type":"EntryPoint","urlTemplate":"https:\/\/lavvi.com\/?s={search_term_string}"},"query-input":{"@type":"PropertyValueSpecification","valueRequired":true,"valueName":"search_term_string"}}],"inLanguage":"fr-FR"},{"@type":"Organization","@id":"https:\/\/lavvi.com\/#organization","name":"Lavvi","url":"https:\/\/lavvi.com\/","logo":{"@type":"ImageObject","inLanguage":"fr-FR","@id":"https:\/\/lavvi.com\/#\/schema\/logo\/image\/","url":"https:\/\/lavvi.com\/wp-content\/uploads\/2024\/10\/LAVVI-Lockup-Colour-Black-RGB.png","contentUrl":"https:\/\/lavvi.com\/wp-content\/uploads\/2024\/10\/LAVVI-Lockup-Colour-Black-RGB.png","width":5001,"height":1105,"caption":"Lavvi"},"image":{"@id":"https:\/\/lavvi.com\/#\/schema\/logo\/image\/"},"sameAs":["https:\/\/www.linkedin.com\/company\/lavvi-solutions\/posts\/?feedView=all"]}]}},"featured_image_src":null,"featured_image_src_square":null,"_links":{"self":[{"href":"https:\/\/lavvi.com\/fr\/wp-json\/wp\/v2\/pages\/1031","targetHints":{"allow":["GET"]}}],"collection":[{"href":"https:\/\/lavvi.com\/fr\/wp-json\/wp\/v2\/pages"}],"about":[{"href":"https:\/\/lavvi.com\/fr\/wp-json\/wp\/v2\/types\/page"}],"author":[{"embeddable":true,"href":"https:\/\/lavvi.com\/fr\/wp-json\/wp\/v2\/users\/1"}],"replies":[{"embeddable":true,"href":"https:\/\/lavvi.com\/fr\/wp-json\/wp\/v2\/comments?post=1031"}],"version-history":[{"count":0,"href":"https:\/\/lavvi.com\/fr\/wp-json\/wp\/v2\/pages\/1031\/revisions"}],"wp:attachment":[{"href":"https:\/\/lavvi.com\/fr\/wp-json\/wp\/v2\/media?parent=1031"}],"curies":[{"name":"wp","href":"https:\/\/api.w.org\/{rel}","templated":true}]}}