{"id":1068,"date":"2024-09-10T14:33:34","date_gmt":"2024-09-10T17:33:34","guid":{"rendered":"https:\/\/lavvi.local\/resources\/"},"modified":"2024-10-16T17:32:50","modified_gmt":"2024-10-16T20:32:50","slug":"ressource","status":"publish","type":"page","link":"https:\/\/lavvi.com\/fr\/ressource\/","title":{"rendered":"Documentation"},"content":{"rendered":"\n<div class=\"wp-block-genesis-blocks-gb-container animation-fade-in gb-block-container\"><div class=\"gb-container-inside\"><div class=\"gb-container-content\">\n<div class=\"wp-block-genesis-blocks-gb-columns gb-layout-columns-2 gb-2-col-equal has-lavvi-white-background-color\"><div class=\"gb-layout-column-wrap gb-block-layout-column-gap-0 gb-is-responsive-column\">\n<div class=\"wp-block-genesis-blocks-gb-column animation-wipe-l-r gb-block-layout-column\"><div class=\"gb-block-layout-column-inner has-lavvi-tech-acid-green-background-color\">\n<h2 class=\"wp-block-heading is-style-underlined-black\">Plongez dans l\u2019univers de Lavvi gr\u00e2ce \u00e0 ces outils utiles.<\/h2>\n<\/div><\/div>\n\n\n\n<div class=\"wp-block-genesis-blocks-gb-column is-style-no-padding gb-block-layout-column\"><div class=\"gb-block-layout-column-inner has-lavvi-white-background-color\">\n<div class=\"wp-block-cover is-light\"><span aria-hidden=\"true\" class=\"wp-block-cover__background has-background-dim-0 has-background-dim\" style=\"background-color:#f8f9f9\"><\/span><img loading=\"lazy\" decoding=\"async\" width=\"900\" height=\"603\" class=\"wp-block-cover__image-background wp-image-540\" alt=\"Play Icon\" src=\"https:\/\/lavvi.com\/wp-content\/uploads\/2024\/09\/play-1-e1726764989433.jpg\" data-object-fit=\"cover\" srcset=\"https:\/\/lavvi.com\/wp-content\/uploads\/2024\/09\/play-1-e1726764989433.jpg 900w, https:\/\/lavvi.com\/wp-content\/uploads\/2024\/09\/play-1-e1726764989433-300x201.jpg 300w, https:\/\/lavvi.com\/wp-content\/uploads\/2024\/09\/play-1-e1726764989433-768x515.jpg 768w\" sizes=\"auto, (max-width: 900px) 100vw, 900px\" \/><div class=\"wp-block-cover__inner-container is-layout-constrained wp-block-cover-is-layout-constrained\">\n<p class=\"has-text-align-center has-large-font-size\"><\/p>\n<\/div><\/div>\n<\/div><\/div>\n<\/div><\/div>\n\n\n<div class=\"key-features-block vertical-layout\"><div class=\"key-features \"><div class=\"flex flex-wrap flex-start\"><div class=\"key-feature-wrap\"><h2 class=\"key-feature-title\">\u00c9TUDES DE CAS<\/h2><div class=\"key-feature-panel\"><div class=\"key-feature-description\"><p class=\"p1\">Les exemples concrets suivants illustrent la mani\u00e8re dont diff\u00e9rentes strat\u00e9gies et technologies impactent l\u2019efficacit\u00e9\u00a0des ventes et des services.<\/p>\n<ul class=\"arrow-list\">\n<li><a href=\"https:\/\/lavvi.com\/wp-content\/uploads\/2024\/10\/FR-Assumption-Life-Lavvi-Case-Study-2.pdf\" target=\"_blank\" rel=\"noopener\">Augmenter ses revenus d\u2019assurance-vie gr\u00e2ce aux partenariats de distribution strat\u00e9giques : le succ\u00e8s d\u2019Assomption Vie<\/a><\/li>\n<li><a href=\"https:\/\/lavvi.com\/wp-content\/uploads\/2024\/10\/FR-TruStage-Lavvi-Case-Study-1.pdf\" target=\"_blank\" rel=\"noopener\">Augmenter le chiffre d\u2019affaires des assurances obs\u00e8ques gr\u00e2ce aux ventes en ligne : le succ\u00e8s de TruStage<\/a><\/li>\n<\/ul>\n<p>&nbsp;<\/p>\n<\/div><\/div><\/div><div class=\"key-feature-wrap\"><h2 class=\"key-feature-title\">GUIDES &#038; LIVRES BLANCS<\/h2><div class=\"key-feature-panel\"><div class=\"key-feature-description\"><ul class=\"arrow-list\">\n<li><a href=\"https:\/\/lavvi.com\/wp-content\/uploads\/2024\/10\/Pourquoi-travailler-avec-Lavvi.pdf\" target=\"_blank\" rel=\"noopener\">Pourquoi travailler avec Lavvi?<\/a><\/li>\n<li>\n<div><a href=\"https:\/\/lavvi.com\/wp-content\/uploads\/2024\/10\/FR-Lavvi-Platform-at-a-Glance.pdf\" target=\"_blank\" rel=\"noopener\">Notre plateforme en un clin d\u2019\u0153il<\/a><\/div>\n<\/li>\n<li><a href=\"https:\/\/lavvi.com\/wp-content\/uploads\/2024\/10\/Batir-une-strategie-de-partenariats-de-distribution-v3-compressed.pdf\" target=\"_blank\" rel=\"noopener\">Guide pour l\u2019\u00e9laboration d\u2019une strat\u00e9gie de distribution en partenariat<\/a><\/li>\n<\/ul>\n<\/div><\/div><\/div><div class=\"key-feature-wrap\"><h2 class=\"key-feature-title\">ESPRIT D\u2019INITIATIVE<\/h2><div class=\"key-feature-panel\"><div class=\"key-feature-description\"><ul class=\"arrow-list\">\n<li><a href=\"https:\/\/lavvi.com\/fr\/etapes-de-la-planification-strategique-des-partenariats-de-distribution-dassurance-vie\/\">\u00c9tapes de la planification strat\u00e9gique des partenariats de distribution d\u2019assurance vie<\/a><\/li>\n<li><a href=\"https:\/\/lavvi.com\/fr\/lavvi-reussit-son-audit-de-conformite-soc-2-type-ii\/\">Lavvi r\u00e9ussit son audit de conformit\u00e9 SOC 2 Type II<\/a><\/li>\n<li><a href=\"https:\/\/lavvi.com\/fr\/les-developpeurs-utilisent-azure-ai-et-les-services-cognitifs-pour-construire-lavenir-de-la-distribution-dassurance-vie\/\">Les d\u00e9veloppeurs utilisent Azure AI et les services cognitifs pour construire l\u2019avenir de la distribution d\u2019assurance vie<\/a>.<\/li>\n<\/ul>\n<\/div><\/div><\/div><div class=\"key-feature-wrap\"><h2 class=\"key-feature-title\">COMMUNIQU\u00c9 DE PRESSE<\/h2><div class=\"key-feature-panel\"><div class=\"key-feature-description\"><ul class=\"arrow-list\">\n<li><a href=\"https:\/\/lavvi.com\/fr\/lavvi-devoile-la-nouvelle-identite-de-sa-marque-a-la-pointe-de-linnovation-dans-lassurtech\/\">Lavvi d\u00e9voile la nouvelle identit\u00e9 de sa marque, \u00e0 la pointe de l\u2019innovation dans l\u2019assurtech.<\/a><\/li>\n<\/ul>\n<\/div><\/div><\/div><\/div><\/div><\/div>\n\n\n<div class=\"resources-icon-group animation-spin\"><svg id=\"agroup\" xmlns=\"http:\/\/www.w3.org\/2000\/svg\" version=\"1.1\" viewBox=\"0 0 479.3 479.3\" overflow=\"visible\">\n  <g id=\"a1\" class=\"a-anim\">\n    <path class=\"icon-anim\" d=\"M169.8,372.5l-79.3-171c-.9-2.1-2.9-3.6-5.3-3.6s-4.2,1.3-5.2,3.2L.6,372.5c-1,2.1-.7,4.8,1.1,6.6,1.8,1.8,4.4,2.1,6.5,1.1l77-35.7h0s2.1-1,2.1-1h0c1.3-.7,2.2-2.2,2.2-3.8,0-2.4-1.9-4.3-4.3-4.3h-12.2c-2.4,0-4.3-1.9-4.3-4.3s.2-1.5.3-1.6l12.2-26.3h0c.6-1.6,2.2-2.8,4-2.8s3.4,1.2,4,2.8h0l25.5,55,47.4,22c2.1,1,4.7.6,6.5-1.1,1.8-1.8,2.1-4.4,1.1-6.6Z\"\/>\n  <\/g>\n  <g id=\"a2\" class=\"a-anim\">\n    <path class=\"icon-anim\" d=\"M106.7,169.8l171-79.3c2.1-.9,3.6-2.9,3.6-5.3s-1.3-4.2-3.2-5.2L106.7.6c-2.1-1-4.8-.7-6.6,1.1-1.8,1.8-2.1,4.4-1.1,6.5l35.7,77h0s0,0,0,0l1,2.1h0c.7,1.3,2.2,2.2,3.8,2.2,2.4,0,4.3-1.9,4.3-4.3h0v-12.2c0-2.4,1.9-4.3,4.3-4.3s1.5.2,1.6.3l26.3,12.2h0c1.6.6,2.8,2.2,2.8,4.1s-1.2,3.4-2.8,4h0s-55,25.6-55,25.6l-22,47.4c-1,2.1-.6,4.7,1.1,6.5,1.8,1.8,4.4,2.1,6.6,1.1Z\"\/>\n  <\/g>\n  <g id=\"a3\" class=\"a-anim\">\n    <path class=\"icon-anim\" d=\"M309.5,106.7l79.3,171c.9,2.1,2.9,3.6,5.3,3.6,2.3,0,4.2-1.3,5.2-3.2l79.5-171.4c1-2.1.7-4.8-1.1-6.6-1.8-1.8-4.4-2.1-6.5-1.1l-77,35.7h0s0,0,0,0l-2.1,1h0c-1.3.7-2.2,2.2-2.2,3.8,0,2.4,1.9,4.3,4.3,4.3h0s12.2,0,12.2,0c2.4,0,4.3,1.9,4.3,4.3,0,.4-.2,1.5-.3,1.6l-12.2,26.3h0c-.6,1.6-2.2,2.8-4,2.8s-3.4-1.2-4-2.8h0s-25.5-55-25.5-55l-47.4-22c-2.1-1-4.7-.6-6.5,1.1-1.8,1.8-2.1,4.4-1.1,6.6Z\"\/>\n  <\/g>\n  <g id=\"_\u00e4\" data-name=\"\u00e4\"class=\"a-anim\" >\n    <path class=\"icon-anim\" d=\"M372.5,309.5l-171,79.3c-2.1.9-3.6,2.9-3.6,5.3,0,2.3,1.3,4.2,3.2,5.2l171.4,79.5c2.1,1,4.8.7,6.6-1.1,1.8-1.8,2.1-4.4,1.1-6.5l-35.7-77h0s0,0,0,0l-1-2.1h0c-.7-1.3-2.2-2.2-3.8-2.2-2.4,0-4.3,1.9-4.3,4.3h0s0,12.2,0,12.2c0,2.4-1.9,4.3-4.3,4.3s-1.5-.2-1.6-.3l-26.3-12.2h0c-1.6-.6-2.8-2.2-2.8-4.1,0-1.9,1.2-3.4,2.8-4h0s55-25.6,55-25.6l22-47.4c1-2.1.6-4.7-1.1-6.5-1.8-1.8-4.4-2.1-6.6-1.1Z\"\/>\n  <\/g>\n<\/svg><\/div>\n<\/div><\/div><\/div>\n","protected":false},"excerpt":{"rendered":"","protected":false},"author":1,"featured_media":0,"parent":0,"menu_order":0,"comment_status":"closed","ping_status":"closed","template":"","meta":{"_acf_changed":false,"footnotes":""},"class_list":["post-1068","page","type-page","status-publish","hentry"],"acf":[],"yoast_head":"<!-- This site is optimized with the Yoast SEO plugin v23.6 - https:\/\/yoast.com\/wordpress\/plugins\/seo\/ -->\n<title>Documentation - Lavvi<\/title>\n<meta name=\"robots\" content=\"index, follow, max-snippet:-1, max-image-preview:large, max-video-preview:-1\" \/>\n<link rel=\"canonical\" href=\"https:\/\/lavvi.com\/resources\/\" \/>\n<meta property=\"og:locale\" content=\"fr_FR\" \/>\n<meta property=\"og:type\" content=\"article\" \/>\n<meta property=\"og:title\" content=\"Documentation - Lavvi\" \/>\n<meta property=\"og:url\" content=\"https:\/\/lavvi.com\/resources\/\" \/>\n<meta property=\"og:site_name\" content=\"Lavvi\" \/>\n<meta property=\"article:modified_time\" content=\"2024-10-16T20:32:50+00:00\" \/>\n<meta property=\"og:image\" content=\"https:\/\/lavvi.com\/wp-content\/uploads\/2024\/09\/play-1-e1726764989433.jpg\" \/>\n<meta name=\"twitter:card\" content=\"summary_large_image\" \/>\n<script type=\"application\/ld+json\" class=\"yoast-schema-graph\">{\"@context\":\"https:\/\/schema.org\",\"@graph\":[{\"@type\":\"WebPage\",\"@id\":\"https:\/\/lavvi.com\/resources\/\",\"url\":\"https:\/\/lavvi.com\/resources\/\",\"name\":\"Documentation - Lavvi\",\"isPartOf\":{\"@id\":\"https:\/\/lavvi.com\/#website\"},\"primaryImageOfPage\":{\"@id\":\"https:\/\/lavvi.com\/resources\/#primaryimage\"},\"image\":{\"@id\":\"https:\/\/lavvi.com\/resources\/#primaryimage\"},\"thumbnailUrl\":\"https:\/\/lavvi.com\/wp-content\/uploads\/2024\/09\/play-1-e1726764989433.jpg\",\"datePublished\":\"2024-09-10T17:33:34+00:00\",\"dateModified\":\"2024-10-16T20:32:50+00:00\",\"breadcrumb\":{\"@id\":\"https:\/\/lavvi.com\/resources\/#breadcrumb\"},\"inLanguage\":\"fr-FR\",\"potentialAction\":[{\"@type\":\"ReadAction\",\"target\":[\"https:\/\/lavvi.com\/resources\/\"]}]},{\"@type\":\"ImageObject\",\"inLanguage\":\"fr-FR\",\"@id\":\"https:\/\/lavvi.com\/resources\/#primaryimage\",\"url\":\"https:\/\/lavvi.com\/wp-content\/uploads\/2024\/09\/play-1-e1726764989433.jpg\",\"contentUrl\":\"https:\/\/lavvi.com\/wp-content\/uploads\/2024\/09\/play-1-e1726764989433.jpg\"},{\"@type\":\"BreadcrumbList\",\"@id\":\"https:\/\/lavvi.com\/resources\/#breadcrumb\",\"itemListElement\":[{\"@type\":\"ListItem\",\"position\":1,\"name\":\"Home\",\"item\":\"https:\/\/lavvi.com\/fr\/\"},{\"@type\":\"ListItem\",\"position\":2,\"name\":\"Documentation\"}]},{\"@type\":\"WebSite\",\"@id\":\"https:\/\/lavvi.com\/#website\",\"url\":\"https:\/\/lavvi.com\/\",\"name\":\"Lavvi\",\"description\":\"\",\"publisher\":{\"@id\":\"https:\/\/lavvi.com\/#organization\"},\"potentialAction\":[{\"@type\":\"SearchAction\",\"target\":{\"@type\":\"EntryPoint\",\"urlTemplate\":\"https:\/\/lavvi.com\/?s={search_term_string}\"},\"query-input\":{\"@type\":\"PropertyValueSpecification\",\"valueRequired\":true,\"valueName\":\"search_term_string\"}}],\"inLanguage\":\"fr-FR\"},{\"@type\":\"Organization\",\"@id\":\"https:\/\/lavvi.com\/#organization\",\"name\":\"Lavvi\",\"url\":\"https:\/\/lavvi.com\/\",\"logo\":{\"@type\":\"ImageObject\",\"inLanguage\":\"fr-FR\",\"@id\":\"https:\/\/lavvi.com\/#\/schema\/logo\/image\/\",\"url\":\"https:\/\/lavvi.com\/wp-content\/uploads\/2024\/10\/LAVVI-Lockup-Colour-Black-RGB.png\",\"contentUrl\":\"https:\/\/lavvi.com\/wp-content\/uploads\/2024\/10\/LAVVI-Lockup-Colour-Black-RGB.png\",\"width\":5001,\"height\":1105,\"caption\":\"Lavvi\"},\"image\":{\"@id\":\"https:\/\/lavvi.com\/#\/schema\/logo\/image\/\"},\"sameAs\":[\"https:\/\/www.linkedin.com\/company\/lavvi-solutions\/posts\/?feedView=all\"]}]}<\/script>\n<!-- \/ Yoast SEO plugin. -->","yoast_head_json":{"title":"Documentation - Lavvi","robots":{"index":"index","follow":"follow","max-snippet":"max-snippet:-1","max-image-preview":"max-image-preview:large","max-video-preview":"max-video-preview:-1"},"canonical":"https:\/\/lavvi.com\/resources\/","og_locale":"fr_FR","og_type":"article","og_title":"Documentation - Lavvi","og_url":"https:\/\/lavvi.com\/resources\/","og_site_name":"Lavvi","article_modified_time":"2024-10-16T20:32:50+00:00","og_image":[{"url":"https:\/\/lavvi.com\/wp-content\/uploads\/2024\/09\/play-1-e1726764989433.jpg"}],"twitter_card":"summary_large_image","schema":{"@context":"https:\/\/schema.org","@graph":[{"@type":"WebPage","@id":"https:\/\/lavvi.com\/resources\/","url":"https:\/\/lavvi.com\/resources\/","name":"Documentation - Lavvi","isPartOf":{"@id":"https:\/\/lavvi.com\/#website"},"primaryImageOfPage":{"@id":"https:\/\/lavvi.com\/resources\/#primaryimage"},"image":{"@id":"https:\/\/lavvi.com\/resources\/#primaryimage"},"thumbnailUrl":"https:\/\/lavvi.com\/wp-content\/uploads\/2024\/09\/play-1-e1726764989433.jpg","datePublished":"2024-09-10T17:33:34+00:00","dateModified":"2024-10-16T20:32:50+00:00","breadcrumb":{"@id":"https:\/\/lavvi.com\/resources\/#breadcrumb"},"inLanguage":"fr-FR","potentialAction":[{"@type":"ReadAction","target":["https:\/\/lavvi.com\/resources\/"]}]},{"@type":"ImageObject","inLanguage":"fr-FR","@id":"https:\/\/lavvi.com\/resources\/#primaryimage","url":"https:\/\/lavvi.com\/wp-content\/uploads\/2024\/09\/play-1-e1726764989433.jpg","contentUrl":"https:\/\/lavvi.com\/wp-content\/uploads\/2024\/09\/play-1-e1726764989433.jpg"},{"@type":"BreadcrumbList","@id":"https:\/\/lavvi.com\/resources\/#breadcrumb","itemListElement":[{"@type":"ListItem","position":1,"name":"Home","item":"https:\/\/lavvi.com\/fr\/"},{"@type":"ListItem","position":2,"name":"Documentation"}]},{"@type":"WebSite","@id":"https:\/\/lavvi.com\/#website","url":"https:\/\/lavvi.com\/","name":"Lavvi","description":"","publisher":{"@id":"https:\/\/lavvi.com\/#organization"},"potentialAction":[{"@type":"SearchAction","target":{"@type":"EntryPoint","urlTemplate":"https:\/\/lavvi.com\/?s={search_term_string}"},"query-input":{"@type":"PropertyValueSpecification","valueRequired":true,"valueName":"search_term_string"}}],"inLanguage":"fr-FR"},{"@type":"Organization","@id":"https:\/\/lavvi.com\/#organization","name":"Lavvi","url":"https:\/\/lavvi.com\/","logo":{"@type":"ImageObject","inLanguage":"fr-FR","@id":"https:\/\/lavvi.com\/#\/schema\/logo\/image\/","url":"https:\/\/lavvi.com\/wp-content\/uploads\/2024\/10\/LAVVI-Lockup-Colour-Black-RGB.png","contentUrl":"https:\/\/lavvi.com\/wp-content\/uploads\/2024\/10\/LAVVI-Lockup-Colour-Black-RGB.png","width":5001,"height":1105,"caption":"Lavvi"},"image":{"@id":"https:\/\/lavvi.com\/#\/schema\/logo\/image\/"},"sameAs":["https:\/\/www.linkedin.com\/company\/lavvi-solutions\/posts\/?feedView=all"]}]}},"featured_image_src":null,"featured_image_src_square":null,"_links":{"self":[{"href":"https:\/\/lavvi.com\/fr\/wp-json\/wp\/v2\/pages\/1068","targetHints":{"allow":["GET"]}}],"collection":[{"href":"https:\/\/lavvi.com\/fr\/wp-json\/wp\/v2\/pages"}],"about":[{"href":"https:\/\/lavvi.com\/fr\/wp-json\/wp\/v2\/types\/page"}],"author":[{"embeddable":true,"href":"https:\/\/lavvi.com\/fr\/wp-json\/wp\/v2\/users\/1"}],"replies":[{"embeddable":true,"href":"https:\/\/lavvi.com\/fr\/wp-json\/wp\/v2\/comments?post=1068"}],"version-history":[{"count":0,"href":"https:\/\/lavvi.com\/fr\/wp-json\/wp\/v2\/pages\/1068\/revisions"}],"wp:attachment":[{"href":"https:\/\/lavvi.com\/fr\/wp-json\/wp\/v2\/media?parent=1068"}],"curies":[{"name":"wp","href":"https:\/\/api.w.org\/{rel}","templated":true}]}}